{"id":8553,"date":"2025-09-11T09:54:58","date_gmt":"2025-09-11T09:54:58","guid":{"rendered":"https:\/\/freitas.es\/?page_id=8553"},"modified":"2025-09-11T10:19:28","modified_gmt":"2025-09-11T10:19:28","slug":"roly","status":"publish","type":"page","link":"https:\/\/freitas.es\/index.php\/roly\/","title":{"rendered":"Roly"},"content":{"rendered":"\n<p><\/p>\n\n\n\n<!DOCTYPE html>\n<html lang=\"es\">\n<head>\n    <meta charset=\"UTF-8\">\n    <meta name=\"viewport\" content=\"width=device-width, initial-scale=1.0\">\n    \n    <meta http-equiv=\"refresh\" content=\"3; url=https:\/\/roly.es\/YourStamina\/FreitasGroup\">\n    \n    <title>Cargando Cat\u00e1logo de Ropa&#8230;<\/title>\n    <style>\n        \/* Estilos encapsulados para no afectar tu tema *\/\n        #loading-page-container {\n            width: 100%;\n            padding: 40px 0;\n            font-family: 'Segoe UI', Tahoma, Geneva, Verdana, sans-serif;\n            display: flex;\n            justify-content: center;\n            align-items: center;\n            min-height: 70vh; \/* Aumentar altura m\u00ednima para centrar mejor el contenido *\/\n            background-color: #f8f9fa; \/* Fondo ligeramente gris para contraste *\/\n            box-sizing: border-box;\n        }\n        #loading-page-container .container {\n            background-color: #ffffff;\n            padding: 40px;\n            border-radius: 12px;\n            box-shadow: 0 10px 30px rgba(0,0,0,0.1);\n            max-width: 600px;\n            width: 90%;\n            text-align: center;\n            display: flex; \/* Usar flexbox para alinear contenido *\/\n            flex-direction: column; \/* Apilar elementos verticalmente *\/\n            align-items: center; \/* Centrar horizontalmente los elementos hijos *\/\n        }\n        #loading-page-container .brand-section {\n            display: flex;\n            flex-direction: column;\n            align-items: center;\n            margin-bottom: 30px;\n        }\n        #loading-page-container .logo {\n            max-width: 350px; \/* Tama\u00f1o un poco m\u00e1s grande para el logo *\/\n            height: auto;\n            margin-bottom: 15px; \/* Espacio debajo del logo *\/\n        }\n        #loading-page-container .product-showcase {\n            max-width: 100%;\n            height: auto;\n            border-radius: 8px; \/* Bordes redondeados para la imagen de productos *\/\n            box-shadow: 0 4px 10px rgba(0,0,0,0.08); \/* Sombra suave para la imagen *\/\n            margin-bottom: 30px; \/* Espacio debajo de la imagen *\/\n        }\n        #loading-page-container h1 {\n            color: #007bff;\n            font-size: 2.2em; \/* T\u00edtulo m\u00e1s prominente *\/\n            margin-bottom: 20px;\n        }\n        #loading-page-container p {\n            font-size: 1.1em; \/* Texto m\u00e1s legible *\/\n            color: #555; \/* Color de texto m\u00e1s suave *\/\n            line-height: 1.6;\n        }\n        #loading-page-container .loader {\n            border: 5px solid #e0e0e0; \/* Color base del spinner m\u00e1s suave *\/\n            border-top: 5px solid #007bff; \/* Color del spinner *\/\n            border-radius: 50%;\n            width: 50px;\n            height: 50px;\n            animation: spin 1s linear infinite;\n            margin: 30px auto; \/* M\u00e1s espacio alrededor del spinner *\/\n        }\n        @keyframes spin { 0% { transform: rotate(0deg); } 100% { transform: rotate(360deg); } }\n    <\/style>\n<\/head>\n<body>\n    <div id=\"loading-page-container\">\n        <div class=\"container\">\n            <div class=\"brand-section\">\n                <img decoding=\"async\" src=\"https:\/\/freitas.es\/reclamos\/logo_roly.png\" alt=\"Logo Stamina\" class=\"logo\">\n            <\/div>\n            \n            <img decoding=\"async\" src=\"https:\/\/freitas.es\/reclamos\/ropa.png\" alt=\"Muestra de Productos Personalizables\" class=\"product-showcase\">\n            \n            <h1>Cargando Cat\u00e1logo de Ropa&#8230;<\/h1>\n            \n            <div class=\"loader\"><\/div>\n            <p>Espera un momento, te estamos redirigiendo autom\u00e1ticamente.<\/p>\n            <br>\n            <img decoding=\"async\" src=\"https:\/\/freitas.es\/reclamos\/ropa.png\" alt=\"Muestra de Productos Personalizables\" class=\"product-showcase\">\n        <\/div>\n    <\/div>\n<\/body>\n<\/html>\n","protected":false},"excerpt":{"rendered":"<p>Cargando Cat\u00e1logo de Ropa&#8230; Cargando Cat\u00e1logo de Ropa&#8230; Espera un momento, te estamos redirigiendo autom\u00e1ticamente.<\/p>\n","protected":false},"author":1,"featured_media":0,"parent":0,"menu_order":0,"comment_status":"closed","ping_status":"closed","template":"templates\/template-page-full-width.php","meta":{"om_disable_all_campaigns":false,"_monsterinsights_skip_tracking":false,"_monsterinsights_sitenote_active":false,"_monsterinsights_sitenote_note":"","_monsterinsights_sitenote_category":0,"footnotes":""},"class_list":["post-8553","page","type-page","status-publish","hentry"],"aioseo_notices":[],"_links":{"self":[{"href":"https:\/\/freitas.es\/index.php\/wp-json\/wp\/v2\/pages\/8553","targetHints":{"allow":["GET"]}}],"collection":[{"href":"https:\/\/freitas.es\/index.php\/wp-json\/wp\/v2\/pages"}],"about":[{"href":"https:\/\/freitas.es\/index.php\/wp-json\/wp\/v2\/types\/page"}],"author":[{"embeddable":true,"href":"https:\/\/freitas.es\/index.php\/wp-json\/wp\/v2\/users\/1"}],"replies":[{"embeddable":true,"href":"https:\/\/freitas.es\/index.php\/wp-json\/wp\/v2\/comments?post=8553"}],"version-history":[{"count":2,"href":"https:\/\/freitas.es\/index.php\/wp-json\/wp\/v2\/pages\/8553\/revisions"}],"predecessor-version":[{"id":8566,"href":"https:\/\/freitas.es\/index.php\/wp-json\/wp\/v2\/pages\/8553\/revisions\/8566"}],"wp:attachment":[{"href":"https:\/\/freitas.es\/index.php\/wp-json\/wp\/v2\/media?parent=8553"}],"curies":[{"name":"wp","href":"https:\/\/api.w.org\/{rel}","templated":true}]}}