{"id":146,"date":"2023-08-05T17:44:30","date_gmt":"2023-08-05T17:44:30","guid":{"rendered":"https:\/\/freitas.es\/?page_id=146"},"modified":"2023-08-05T18:00:15","modified_gmt":"2023-08-05T18:00:15","slug":"contacta-con-nosotros","status":"publish","type":"page","link":"https:\/\/freitas.es\/index.php\/contacta-con-nosotros\/","title":{"rendered":"Contacta con nosotros"},"content":{"rendered":"\n<p>Si necesitas contactar con nosotros puedes hacerlo rellenando este formulario y nos pondremos en contacto contigo tan pronto nos sea posible:<\/p>\n\n\n\n<figure class=\"wp-block-image size-large is-resized is-style-default\"><img decoding=\"async\" src=\"https:\/\/freitas.es\/wp-content\/uploads\/2023\/08\/AdobeStock_179961150-1-edited-1-scaled.jpeg\" alt=\"\" class=\"wp-image-163\" width=\"1024\" srcset=\"https:\/\/freitas.es\/wp-content\/uploads\/2023\/08\/AdobeStock_179961150-1-edited-1-scaled.jpeg 2560w, https:\/\/freitas.es\/wp-content\/uploads\/2023\/08\/AdobeStock_179961150-1-edited-1-300x169.jpeg 300w, https:\/\/freitas.es\/wp-content\/uploads\/2023\/08\/AdobeStock_179961150-1-edited-1-1024x576.jpeg 1024w, https:\/\/freitas.es\/wp-content\/uploads\/2023\/08\/AdobeStock_179961150-1-edited-1-768x432.jpeg 768w, https:\/\/freitas.es\/wp-content\/uploads\/2023\/08\/AdobeStock_179961150-1-edited-1-1536x864.jpeg 1536w, https:\/\/freitas.es\/wp-content\/uploads\/2023\/08\/AdobeStock_179961150-1-edited-1-2048x1152.jpeg 2048w\" sizes=\"(max-width: 2560px) 100vw, 2560px\" \/><\/figure>\n\n\n\n\n\n<div class=\"wp-block-media-text alignwide is-stacked-on-mobile is-vertically-aligned-top\"><figure class=\"wp-block-media-text__media\"><img loading=\"lazy\" decoding=\"async\" width=\"1024\" height=\"683\" src=\"https:\/\/freitas.es\/wp-content\/uploads\/2023\/08\/AdobeStock_332853925_Editorial_Use_Only-1024x683.jpeg\" alt=\"\" class=\"wp-image-153 size-full\" srcset=\"https:\/\/freitas.es\/wp-content\/uploads\/2023\/08\/AdobeStock_332853925_Editorial_Use_Only-1024x683.jpeg 1024w, https:\/\/freitas.es\/wp-content\/uploads\/2023\/08\/AdobeStock_332853925_Editorial_Use_Only-300x200.jpeg 300w, https:\/\/freitas.es\/wp-content\/uploads\/2023\/08\/AdobeStock_332853925_Editorial_Use_Only-768x512.jpeg 768w, https:\/\/freitas.es\/wp-content\/uploads\/2023\/08\/AdobeStock_332853925_Editorial_Use_Only-1536x1024.jpeg 1536w, https:\/\/freitas.es\/wp-content\/uploads\/2023\/08\/AdobeStock_332853925_Editorial_Use_Only-2048x1365.jpeg 2048w\" sizes=\"auto, (max-width: 1024px) 100vw, 1024px\" \/><\/figure><div class=\"wp-block-media-text__content\">\n<p>\u00bfNecesitas asesoramiento personalizado o m\u00e1s informaci\u00f3n sobre nuestros servicios? \u00a1Cont\u00e1ctanos ahora mismo a trav\u00e9s de WhatsApp! \ud83d\udce5\ud83d\udcac<\/p>\n\n\n\n<p>\ud83c\udfe2\u2728 En nuestra empresa, queremos estar siempre cerca de ti y facilitar la comunicaci\u00f3n al m\u00e1ximo. Por eso, hemos habilitado el servicio de atenci\u00f3n a trav\u00e9s de WhatsApp, para que puedas resolver todas tus dudas de forma r\u00e1pida y sencilla. \ud83d\ude80\ud83d\udde3\ufe0f<\/p>\n\n\n\n<p>\u00a1Es muy f\u00e1cil contactarnos! Solo sigue estos pasos:<br>1\ufe0f\u20e3 Agrega nuestro n\u00famero de WhatsApp a tus contactos: 626555561<br>2\ufe0f\u20e3 Env\u00edanos un mensaje con tus preguntas o inquietudes.<br>3\ufe0f\u20e3 Nuestro equipo estar\u00e1 encantado de ayudarte y brindarte toda la informaci\u00f3n que necesitas.<\/p>\n\n\n\n<p>\ud83d\udccc Ya no tienes que esperar o preocuparte por horarios de atenci\u00f3n, \u00a1estamos disponibles para ti en cualquier momento a trav\u00e9s de WhatsApp! \ud83c\udf1f\ud83d\udcbc<\/p>\n\n\n\n<p>No dudes en escribirnos si quieres saber m\u00e1s sobre nuestros productos, promociones especiales o cualquier otra consulta relacionada con nuestros servicios. \u00a1Estamos aqu\u00ed para ti! \ud83d\udcac\ud83e\udd1d<\/p>\n<\/div><\/div>\n","protected":false},"excerpt":{"rendered":"<p>Si necesitas contactar con nosotros puedes hacerlo rellenando este formulario y nos pondremos en contacto contigo tan pronto nos sea posible: \u00bfNecesitas asesoramiento personalizado o m\u00e1s informaci\u00f3n sobre nuestros servicios? \u00a1Cont\u00e1ctanos ahora mismo a trav\u00e9s de WhatsApp! \ud83d\udce5\ud83d\udcac \ud83c\udfe2\u2728 En nuestra empresa, queremos estar siempre cerca de ti y facilitar la comunicaci\u00f3n al m\u00e1ximo. Por [&hellip;]<\/p>\n","protected":false},"author":1,"featured_media":0,"parent":0,"menu_order":0,"comment_status":"closed","ping_status":"closed","template":"","meta":{"om_disable_all_campaigns":false,"_monsterinsights_skip_tracking":false,"_monsterinsights_sitenote_active":false,"_monsterinsights_sitenote_note":"","_monsterinsights_sitenote_category":0,"footnotes":""},"class_list":["post-146","page","type-page","status-publish","hentry"],"aioseo_notices":[],"_links":{"self":[{"href":"https:\/\/freitas.es\/index.php\/wp-json\/wp\/v2\/pages\/146","targetHints":{"allow":["GET"]}}],"collection":[{"href":"https:\/\/freitas.es\/index.php\/wp-json\/wp\/v2\/pages"}],"about":[{"href":"https:\/\/freitas.es\/index.php\/wp-json\/wp\/v2\/types\/page"}],"author":[{"embeddable":true,"href":"https:\/\/freitas.es\/index.php\/wp-json\/wp\/v2\/users\/1"}],"replies":[{"embeddable":true,"href":"https:\/\/freitas.es\/index.php\/wp-json\/wp\/v2\/comments?post=146"}],"version-history":[{"count":3,"href":"https:\/\/freitas.es\/index.php\/wp-json\/wp\/v2\/pages\/146\/revisions"}],"predecessor-version":[{"id":164,"href":"https:\/\/freitas.es\/index.php\/wp-json\/wp\/v2\/pages\/146\/revisions\/164"}],"wp:attachment":[{"href":"https:\/\/freitas.es\/index.php\/wp-json\/wp\/v2\/media?parent=146"}],"curies":[{"name":"wp","href":"https:\/\/api.w.org\/{rel}","templated":true}]}}